{"id":328,"date":"2024-08-06T16:46:04","date_gmt":"2024-08-06T14:46:04","guid":{"rendered":"https:\/\/oposit-ando.es\/?page_id=328"},"modified":"2024-08-07T12:49:39","modified_gmt":"2024-08-07T10:49:39","slug":"nuestros-grupos","status":"publish","type":"page","link":"https:\/\/oposit-ando.es\/index.php\/nuestros-grupos\/","title":{"rendered":"Nuestros grupos"},"content":{"rendered":"\n<blockquote class=\"wp-block-quote is-layout-flow wp-block-quote-is-layout-flow\">\n<p><strong>\u00ab\u00a1Tu futuro comienza hoy!  Juntos, haremos que cada esfuerzo cuente. <\/strong><\/p>\n\n\n\n<p><strong>\u00a1Inscr\u00edbete y transforma tu pasi\u00f3n en \u00e9xito!\u00bb<\/strong><\/p>\n<\/blockquote>\n","protected":false},"excerpt":{"rendered":"<p>\u00ab\u00a1Tu futuro comienza hoy! Juntos, haremos que cada esfuerzo cuente. \u00a1Inscr\u00edbete y transforma tu pasi\u00f3n en \u00e9xito!\u00bb<\/p>\n","protected":false},"author":1,"featured_media":0,"parent":0,"menu_order":0,"comment_status":"closed","ping_status":"closed","template":"","meta":{"footnotes":""},"class_list":["post-328","page","type-page","status-publish","hentry"],"_links":{"self":[{"href":"https:\/\/oposit-ando.es\/index.php\/wp-json\/wp\/v2\/pages\/328","targetHints":{"allow":["GET"]}}],"collection":[{"href":"https:\/\/oposit-ando.es\/index.php\/wp-json\/wp\/v2\/pages"}],"about":[{"href":"https:\/\/oposit-ando.es\/index.php\/wp-json\/wp\/v2\/types\/page"}],"author":[{"embeddable":true,"href":"https:\/\/oposit-ando.es\/index.php\/wp-json\/wp\/v2\/users\/1"}],"replies":[{"embeddable":true,"href":"https:\/\/oposit-ando.es\/index.php\/wp-json\/wp\/v2\/comments?post=328"}],"version-history":[{"count":3,"href":"https:\/\/oposit-ando.es\/index.php\/wp-json\/wp\/v2\/pages\/328\/revisions"}],"predecessor-version":[{"id":332,"href":"https:\/\/oposit-ando.es\/index.php\/wp-json\/wp\/v2\/pages\/328\/revisions\/332"}],"wp:attachment":[{"href":"https:\/\/oposit-ando.es\/index.php\/wp-json\/wp\/v2\/media?parent=328"}],"curies":[{"name":"wp","href":"https:\/\/api.w.org\/{rel}","templated":true}]}}